{"id":195,"date":"2023-12-19T17:11:17","date_gmt":"2023-12-19T16:11:17","guid":{"rendered":"https:\/\/corequus.co.uk\/?page_id=195"},"modified":"2023-12-19T21:56:32","modified_gmt":"2023-12-19T20:56:32","slug":"norsk-hjem-siden","status":"publish","type":"page","link":"https:\/\/corequus.co.uk\/?page_id=195","title":{"rendered":"Norsk"},"content":{"rendered":"\n<p hidden>Cor Equus<\/p>\n\n\n\n<div class=\"wp-block-columns is-layout-flex wp-container-core-columns-layout-1 wp-block-columns-is-layout-flex\">\n<div class=\"wp-block-column is-layout-flow wp-block-column-is-layout-flow\">\n<figure class=\"wp-block-image size-full is-resized\"><img loading=\"lazy\" decoding=\"async\" width=\"768\" height=\"1024\" src=\"https:\/\/corequus.co.uk\/wp-content\/uploads\/2023\/10\/MMCP.jpg\" alt=\"\" class=\"wp-image-157\" style=\"width:239px;height:auto\" srcset=\"https:\/\/corequus.co.uk\/wp-content\/uploads\/2023\/10\/MMCP.jpg 768w, https:\/\/corequus.co.uk\/wp-content\/uploads\/2023\/10\/MMCP-225x300.jpg 225w\" sizes=\"(max-width: 768px) 100vw, 768px\" \/><\/figure>\n<\/div>\n\n\n\n<div class=\"wp-block-column is-layout-flow wp-block-column-is-layout-flow\">\n<div class=\"wp-block-media-text is-stacked-on-mobile\" style=\"grid-template-columns:44% auto\"><figure class=\"wp-block-media-text__media\"><img loading=\"lazy\" decoding=\"async\" width=\"1024\" height=\"831\" src=\"https:\/\/corequus.co.uk\/wp-content\/uploads\/2023\/10\/MMCP_Logo_HighRez-1024x831.png\" alt=\"\" class=\"wp-image-100 size-full\" srcset=\"https:\/\/corequus.co.uk\/wp-content\/uploads\/2023\/10\/MMCP_Logo_HighRez-1024x831.png 1024w, https:\/\/corequus.co.uk\/wp-content\/uploads\/2023\/10\/MMCP_Logo_HighRez-300x243.png 300w, https:\/\/corequus.co.uk\/wp-content\/uploads\/2023\/10\/MMCP_Logo_HighRez-768x623.png 768w, https:\/\/corequus.co.uk\/wp-content\/uploads\/2023\/10\/MMCP_Logo_HighRez-1536x1246.png 1536w, https:\/\/corequus.co.uk\/wp-content\/uploads\/2023\/10\/MMCP_Logo_HighRez-2048x1661.png 2048w\" sizes=\"(max-width: 1024px) 100vw, 1024px\" \/><\/figure><div class=\"wp-block-media-text__content\">\n<p><a href=\"https:\/\/mastersonmethod.com\/practitioners\/listing\/sarah-bibby-mmcp\/\" target=\"_blank\" rel=\"noopener nofollow\" title=\"Sarah Bibby MMCP\">Sarah Bibby MMCP<\/a><\/p>\n<\/div><\/div>\n<\/div>\n<\/div>\n\n\n\n<br\/> <br\/><h1 style=\"font-size:1.5em;\">All about the horse<\/h1><br\/>\n\n\n<div class=\"wp-block-image\">\n<figure class=\"alignright size-large is-resized\"><a href=\"https:\/\/corequus.co.uk\/\"><img loading=\"lazy\" decoding=\"async\" width=\"1024\" height=\"672\" src=\"https:\/\/corequus.co.uk\/wp-content\/uploads\/2023\/12\/British-1024x672.png\" alt=\"English\" class=\"wp-image-206\" style=\"width:31px;height:auto\" srcset=\"https:\/\/corequus.co.uk\/wp-content\/uploads\/2023\/12\/British-1024x672.png 1024w, https:\/\/corequus.co.uk\/wp-content\/uploads\/2023\/12\/British-300x197.png 300w, https:\/\/corequus.co.uk\/wp-content\/uploads\/2023\/12\/British-768x504.png 768w, https:\/\/corequus.co.uk\/wp-content\/uploads\/2023\/12\/British-1536x1008.png 1536w, https:\/\/corequus.co.uk\/wp-content\/uploads\/2023\/12\/British-2048x1344.png 2048w, https:\/\/corequus.co.uk\/wp-content\/uploads\/2023\/12\/British-760x500.png 760w, https:\/\/corequus.co.uk\/wp-content\/uploads\/2023\/12\/British-360x235.png 360w\" sizes=\"(max-width: 1024px) 100vw, 1024px\" \/><\/a><\/figure><\/div>\n\n\n<h2 class=\"wp-block-heading has-medium-font-size\">Hva er Cor Equus<\/h2>\n\n\n\n<p>Cor Equus handler om en mykere helhetlig tiln\u00e6rming til hestemassasje. Dette oppn\u00e5s ved \u00e5 lytte til og observere hestens respons n\u00e5r de bruker disse teknikkene. Ved \u00e5 gjenkjenne de subtile signalene og la dem delta aktivt i frigj\u00f8ringen av akkumulert spenning, kan du se umiddelbare resultater. N\u00e5r en hest ogs\u00e5 f\u00f8ler seg lyttet, vil forholdet og tilliten bygges opp.<\/p>\n\n\n\n<h2 class=\"wp-block-heading has-medium-font-size\">Hvem er Cor Equus for?<\/h2>\n\n\n\n<p>Behandlingene som tilbys er for alle hester, unge eller gamle, fra den minste Shetland til den store 17hh til den brede trekktypen, som selskapsponni, dressur, spranghester, travere, arbeidshester, de har alle godt av regelmessig behandling.<\/p>\n\n\n\n<h2 class=\"wp-block-heading has-medium-font-size\">Hvilke modaliteter praktiserer jeg<\/h2>\n\n\n\n<p>Jeg er en Masterson Method Certificated Practitioner<br>niv\u00e5 1 akupressur, med Lucy Yeoman. Trening p\u00e5g\u00e5r<br>Niv\u00e5 1 myofascial utgivelse, med Dawn Seaman Training p\u00e5g\u00e5ende<br>Reiki med Jo Rose.<\/p>\n","protected":false},"excerpt":{"rendered":"<p>Cor Equus Sarah Bibby MMCP All about the horse Hva er Cor Equus Cor Equus handler om en mykere helhetlig &hellip; <\/p>\n","protected":false},"author":2,"featured_media":0,"parent":0,"menu_order":0,"comment_status":"closed","ping_status":"closed","template":"","meta":{"_monsterinsights_skip_tracking":false,"_monsterinsights_sitenote_active":false,"_monsterinsights_sitenote_note":"","_monsterinsights_sitenote_category":0,"footnotes":"","_coachify_sidebar_layout":""},"aioseo_notices":[],"_links":{"self":[{"href":"https:\/\/corequus.co.uk\/index.php?rest_route=\/wp\/v2\/pages\/195"}],"collection":[{"href":"https:\/\/corequus.co.uk\/index.php?rest_route=\/wp\/v2\/pages"}],"about":[{"href":"https:\/\/corequus.co.uk\/index.php?rest_route=\/wp\/v2\/types\/page"}],"author":[{"embeddable":true,"href":"https:\/\/corequus.co.uk\/index.php?rest_route=\/wp\/v2\/users\/2"}],"replies":[{"embeddable":true,"href":"https:\/\/corequus.co.uk\/index.php?rest_route=%2Fwp%2Fv2%2Fcomments&post=195"}],"version-history":[{"count":16,"href":"https:\/\/corequus.co.uk\/index.php?rest_route=\/wp\/v2\/pages\/195\/revisions"}],"predecessor-version":[{"id":232,"href":"https:\/\/corequus.co.uk\/index.php?rest_route=\/wp\/v2\/pages\/195\/revisions\/232"}],"wp:attachment":[{"href":"https:\/\/corequus.co.uk\/index.php?rest_route=%2Fwp%2Fv2%2Fmedia&parent=195"}],"curies":[{"name":"wp","href":"https:\/\/api.w.org\/{rel}","templated":true}]}}